{"id":520,"date":"2026-02-08T21:38:25","date_gmt":"2026-02-08T21:38:25","guid":{"rendered":"https:\/\/atomicsuccessmakers.com\/product\/modelado-artistico\/"},"modified":"2026-02-22T00:03:21","modified_gmt":"2026-02-22T00:03:21","slug":"modelado-artistico","status":"publish","type":"product","link":"https:\/\/atomicsuccessmakers.com\/es\/producto\/modelado-artistico\/","title":{"rendered":"MODELADO ART\u00cdSTICO"},"content":{"rendered":"<p>En esta clase, los estudiantes aprenden a trabajar con porcelana fr\u00eda a trav\u00e9s de t\u00e9cnicas de modelado b\u00e1sicas y progresivas. Desarrollan habilidades motoras finas, coordinaci\u00f3n y creatividad amasando, dando forma y texturizando el material para crear figuras y dise\u00f1os artesanales.<\/p>\n","protected":false},"excerpt":{"rendered":"<p>En esta clase, los estudiantes aprenden a trabajar con porcelana fr\u00eda a trav\u00e9s de t\u00e9cnicas de modelado b\u00e1sicas y progresivas. Desarrollan habilidades motoras finas, coordinaci\u00f3n y creatividad amasando, dando forma y texturizando el material para crear figuras y dise\u00f1os artesanales.<\/p>\n","protected":false},"featured_media":521,"comment_status":"open","ping_status":"closed","template":"","meta":[],"product_brand":[],"product_cat":[39],"product_tag":[],"class_list":{"0":"post-520","1":"product","2":"type-product","3":"status-publish","4":"has-post-thumbnail","6":"product_cat-modelado-artistico","8":"first","9":"instock","10":"virtual","11":"purchasable","12":"product-type-simple"},"_links":{"self":[{"href":"https:\/\/atomicsuccessmakers.com\/es\/wp-json\/wp\/v2\/product\/520","targetHints":{"allow":["GET"]}}],"collection":[{"href":"https:\/\/atomicsuccessmakers.com\/es\/wp-json\/wp\/v2\/product"}],"about":[{"href":"https:\/\/atomicsuccessmakers.com\/es\/wp-json\/wp\/v2\/types\/product"}],"replies":[{"embeddable":true,"href":"https:\/\/atomicsuccessmakers.com\/es\/wp-json\/wp\/v2\/comments?post=520"}],"wp:featuredmedia":[{"embeddable":true,"href":"https:\/\/atomicsuccessmakers.com\/es\/wp-json\/wp\/v2\/media\/521"}],"wp:attachment":[{"href":"https:\/\/atomicsuccessmakers.com\/es\/wp-json\/wp\/v2\/media?parent=520"}],"wp:term":[{"taxonomy":"product_brand","embeddable":true,"href":"https:\/\/atomicsuccessmakers.com\/es\/wp-json\/wp\/v2\/product_brand?post=520"},{"taxonomy":"product_cat","embeddable":true,"href":"https:\/\/atomicsuccessmakers.com\/es\/wp-json\/wp\/v2\/product_cat?post=520"},{"taxonomy":"product_tag","embeddable":true,"href":"https:\/\/atomicsuccessmakers.com\/es\/wp-json\/wp\/v2\/product_tag?post=520"}],"curies":[{"name":"wp","href":"https:\/\/api.w.org\/{rel}","templated":true}]}}